{"id":438,"date":"2024-04-02T09:48:59","date_gmt":"2024-04-02T09:48:59","guid":{"rendered":"http:\/\/www.fraudbustermomose.com\/a-propos\/"},"modified":"2024-04-26T12:56:46","modified_gmt":"2024-04-26T12:56:46","slug":"a-propos","status":"publish","type":"page","link":"https:\/\/www.fraudbustermomose.com\/fr\/a-propos\/","title":{"rendered":"\u00c0 propos"},"content":{"rendered":"\t\t<div data-elementor-type=\"wp-page\" data-elementor-id=\"438\" class=\"elementor elementor-438 elementor-43\" data-elementor-post-type=\"page\">\n\t\t\t\t<div class=\"elementor-element elementor-element-2d61c421 e-flex e-con-boxed e-con e-parent\" data-id=\"2d61c421\" data-element_type=\"container\" data-settings=\"{&quot;background_background&quot;:&quot;classic&quot;}\" data-core-v316-plus=\"true\">\n\t\t\t\t\t<div class=\"e-con-inner\">\n\t\t\t\t<div class=\"elementor-element elementor-element-74970b1 elementor-widget elementor-widget-heading\" data-id=\"74970b1\" data-element_type=\"widget\" data-widget_type=\"heading.default\">\n\t\t\t\t<div class=\"elementor-widget-container\">\n\t\t\t<style>\/*! elementor - v3.20.0 - 26-03-2024 *\/\n.elementor-heading-title{padding:0;margin:0;line-height:1}.elementor-widget-heading .elementor-heading-title[class*=elementor-size-]>a{color:inherit;font-size:inherit;line-height:inherit}.elementor-widget-heading .elementor-heading-title.elementor-size-small{font-size:15px}.elementor-widget-heading .elementor-heading-title.elementor-size-medium{font-size:19px}.elementor-widget-heading .elementor-heading-title.elementor-size-large{font-size:29px}.elementor-widget-heading .elementor-heading-title.elementor-size-xl{font-size:39px}.elementor-widget-heading .elementor-heading-title.elementor-size-xxl{font-size:59px}<\/style><h2 class=\"elementor-heading-title elementor-size-default\">\u00c0 PROPOS DE FRAUDBUSTER<\/h2>\t\t<\/div>\n\t\t\t\t<\/div>\n\t\t\t\t<div class=\"elementor-element elementor-element-15375aa9 elementor-align-center elementor-widget elementor-widget-raven-heading\" data-id=\"15375aa9\" data-element_type=\"widget\" data-widget_type=\"raven-heading.default\">\n\t\t\t\t<div class=\"elementor-widget-container\">\n\t\t\t\t\t<div class=\"raven-widget-wrapper\"><h1 class=\"raven-heading raven-heading-h1\"><span class=\"raven-heading-title \">Augmenter la rentabilit\u00e9, se d\u00e9barrasser de la fraude<\/span><\/h1><\/div>\n\t\t\t\t<\/div>\n\t\t\t\t<\/div>\n\t\t\t\t\t<\/div>\n\t\t\t\t<\/div>\n\t\t<div class=\"elementor-element elementor-element-064dbc7 e-flex e-con-boxed e-con e-parent\" data-id=\"064dbc7\" data-element_type=\"container\" data-core-v316-plus=\"true\">\n\t\t\t\t\t<div class=\"e-con-inner\">\n\t\t<div class=\"elementor-element elementor-element-761a8ac e-con-full e-flex e-con e-child\" data-id=\"761a8ac\" data-element_type=\"container\">\n\t\t\t\t<div class=\"elementor-element elementor-element-762e283 elementor-widget elementor-widget-heading\" data-id=\"762e283\" data-element_type=\"widget\" data-widget_type=\"heading.default\">\n\t\t\t\t<div class=\"elementor-widget-container\">\n\t\t\t<h3 class=\"elementor-heading-title elementor-size-default\">Notre mission<\/h3>\t\t<\/div>\n\t\t\t\t<\/div>\n\t\t\t\t<div class=\"elementor-element elementor-element-3d693cc elementor-widget elementor-widget-text-editor\" data-id=\"3d693cc\" data-element_type=\"widget\" data-widget_type=\"text-editor.default\">\n\t\t\t\t<div class=\"elementor-widget-container\">\n\t\t\t<style>\/*! elementor - v3.20.0 - 26-03-2024 *\/\n.elementor-widget-text-editor.elementor-drop-cap-view-stacked .elementor-drop-cap{background-color:#69727d;color:#fff}.elementor-widget-text-editor.elementor-drop-cap-view-framed .elementor-drop-cap{color:#69727d;border:3px solid;background-color:transparent}.elementor-widget-text-editor:not(.elementor-drop-cap-view-default) .elementor-drop-cap{margin-top:8px}.elementor-widget-text-editor:not(.elementor-drop-cap-view-default) .elementor-drop-cap-letter{width:1em;height:1em}.elementor-widget-text-editor .elementor-drop-cap{float:left;text-align:center;line-height:1;font-size:50px}.elementor-widget-text-editor .elementor-drop-cap-letter{display:inline-block}<\/style>\t\t\t\t<p>FraudBuster aide les op\u00e9rateurs et les r\u00e9gulateurs \u00e0 reprendre le contr\u00f4le des r\u00e9seaux de t\u00e9l\u00e9communications en \u00e9liminant la fraude et en optimisant le trafic afin de pr\u00e9server la rentabilit\u00e9 et de r\u00e9duire les menaces de s\u00e9curit\u00e9.<\/p>\n\t\t\t\t\t\t<\/div>\n\t\t\t\t<\/div>\n\t\t\t\t<\/div>\n\t\t<div class=\"elementor-element elementor-element-edd77b5 e-con-full e-flex e-con e-child\" data-id=\"edd77b5\" data-element_type=\"container\">\n\t\t\t\t<div class=\"elementor-element elementor-element-7028de8 elementor-widget elementor-widget-image\" data-id=\"7028de8\" data-element_type=\"widget\" data-widget_type=\"image.default\">\n\t\t\t\t<div class=\"elementor-widget-container\">\n\t\t\t<style>\/*! elementor - v3.20.0 - 26-03-2024 *\/\n.elementor-widget-image{text-align:center}.elementor-widget-image a{display:inline-block}.elementor-widget-image a img[src$=\".svg\"]{width:48px}.elementor-widget-image img{vertical-align:middle;display:inline-block}<\/style>\t\t\t\t\t\t\t\t\t\t<img fetchpriority=\"high\" decoding=\"async\" width=\"800\" height=\"600\" src=\"https:\/\/www.fraudbustermomose.com\/wp-content\/uploads\/2024\/04\/FBS-Illustration-About-1.2-800x600-1.png\" class=\"attachment-large size-large wp-image-274\" alt=\"\" srcset=\"https:\/\/www.fraudbustermomose.com\/wp-content\/uploads\/2024\/04\/FBS-Illustration-About-1.2-800x600-1.png 800w, https:\/\/www.fraudbustermomose.com\/wp-content\/uploads\/2024\/04\/FBS-Illustration-About-1.2-800x600-1-300x225.png 300w, https:\/\/www.fraudbustermomose.com\/wp-content\/uploads\/2024\/04\/FBS-Illustration-About-1.2-800x600-1-768x576.png 768w\" sizes=\"(max-width: 800px) 100vw, 800px\" \/>\t\t\t\t\t\t\t\t\t\t\t\t\t<\/div>\n\t\t\t\t<\/div>\n\t\t\t\t<\/div>\n\t\t\t\t\t<\/div>\n\t\t\t\t<\/div>\n\t\t<div class=\"elementor-element elementor-element-57f6454 e-flex e-con-boxed e-con e-parent\" data-id=\"57f6454\" data-element_type=\"container\" data-core-v316-plus=\"true\">\n\t\t\t\t\t<div class=\"e-con-inner\">\n\t\t<div class=\"elementor-element elementor-element-6c7b19c e-con-full e-flex e-con e-child\" data-id=\"6c7b19c\" data-element_type=\"container\">\n\t\t\t\t<div class=\"elementor-element elementor-element-c124fae elementor-widget elementor-widget-image\" data-id=\"c124fae\" data-element_type=\"widget\" data-widget_type=\"image.default\">\n\t\t\t\t<div class=\"elementor-widget-container\">\n\t\t\t\t\t\t\t\t\t\t\t\t\t<img decoding=\"async\" width=\"800\" height=\"600\" src=\"https:\/\/www.fraudbustermomose.com\/wp-content\/uploads\/2024\/04\/FBS-website-illustration-clock-graph-800x600-1.png\" class=\"attachment-large size-large wp-image-273\" alt=\"\" srcset=\"https:\/\/www.fraudbustermomose.com\/wp-content\/uploads\/2024\/04\/FBS-website-illustration-clock-graph-800x600-1.png 800w, https:\/\/www.fraudbustermomose.com\/wp-content\/uploads\/2024\/04\/FBS-website-illustration-clock-graph-800x600-1-300x225.png 300w, https:\/\/www.fraudbustermomose.com\/wp-content\/uploads\/2024\/04\/FBS-website-illustration-clock-graph-800x600-1-768x576.png 768w\" sizes=\"(max-width: 800px) 100vw, 800px\" \/>\t\t\t\t\t\t\t\t\t\t\t\t\t<\/div>\n\t\t\t\t<\/div>\n\t\t\t\t<\/div>\n\t\t<div class=\"elementor-element elementor-element-81dc4f2 e-con-full e-flex e-con e-child\" data-id=\"81dc4f2\" data-element_type=\"container\">\n\t\t\t\t<div class=\"elementor-element elementor-element-8fea48b elementor-widget elementor-widget-heading\" data-id=\"8fea48b\" data-element_type=\"widget\" data-widget_type=\"heading.default\">\n\t\t\t\t<div class=\"elementor-widget-container\">\n\t\t\t<h3 class=\"elementor-heading-title elementor-size-default\">Notre histoire<\/h3>\t\t<\/div>\n\t\t\t\t<\/div>\n\t\t\t\t<div class=\"elementor-element elementor-element-04f1b81 elementor-widget elementor-widget-text-editor\" data-id=\"04f1b81\" data-element_type=\"widget\" data-widget_type=\"text-editor.default\">\n\t\t\t\t<div class=\"elementor-widget-container\">\n\t\t\t\t\t\t\t<p class=\"elementToProof\">Ayant gagn\u00e9 la confiance de notre premier client d\u00e8s 2010, FraudBuster est rapidement devenu <u>le leader mondial<\/u> du march\u00e9 en mati\u00e8re <u>de lutte contre la fraude par contournement d\u2019interconnexion <\/u> dans les t\u00e9l\u00e9communications.<\/p>\n<p>Ax\u00e9 sur la croissance et l&rsquo;innovation, FraudBuster a aid\u00e9 avec succ\u00e8s les op\u00e9rateurs et les r\u00e9gulateurs \u00e0 maintenir et\/ou \u00e0 r\u00e9tablir la rentabilit\u00e9 depuis plus d&rsquo;une d\u00e9cennie.<\/p>\n<p class=\"elementToProof\">Apr\u00e8s la r\u00e9cente fusion avec Calltic en septembre 2023, FraudBuster est entr\u00e9 dans une nouvelle \u00e8re de d\u00e9veloppement gr\u00e2ce \u00e0 une technologie de troisi\u00e8me g\u00e9n\u00e9ration permettant de traiter les bo\u00eetes SIM et autres une fois pour toutes. Une \u00e8re o\u00f9 un m\u00e9lange de solutions de s\u00e9curit\u00e9 existantes et nouvelles sera utilis\u00e9 pour garantir le m\u00eame niveau extraordinaire d\u2019attention envers les clients et les partenaires qu\u2019auparavant.<\/p>\n<p class=\"elementToProof\">FraudBuster poss\u00e8de des bureaux \u00e0 Paris, Marseille et Gand.<\/p>\n<p class=\"elementToProof\">Do check us out regularly if you want to be part of our plans in the near future or visit <a href=\"https:\/\/www.fraudbuster.mobi\/\" target=\"_blank\" rel=\"noopener\"><u>Fraudbuster.mobi<\/u><\/a><\/p>\n<p class=\"elementToProof\">Calltic NV est une filiale de FraudBuster SA ; <span style=\"text-decoration: underline;\"><a id=\"OWA779b6a3b-2e0f-3d12-924c-c2561fc5cde5\" class=\"OWAAutoLink\" href=\"http:\/\/www.calltic.com\/\" target=\"_blank\" rel=\"noopener\" data-loopstyle=\"linkonly\">www.calltic.com<\/a><\/span><\/p>\n\t\t\t\t\t\t<\/div>\n\t\t\t\t<\/div>\n\t\t\t\t<\/div>\n\t\t\t\t\t<\/div>\n\t\t\t\t<\/div>\n\t\t\t\t<\/div>\n\t\t","protected":false},"excerpt":{"rendered":"<p>\u00c0 PROPOS DE FRAUDBUSTER Augmenter la rentabilit\u00e9, se d\u00e9barrasser de la fraude Notre mission FraudBuster aide les op\u00e9rateurs et les r\u00e9gulateurs \u00e0 reprendre le contr\u00f4le des r\u00e9seaux de t\u00e9l\u00e9communications en \u00e9liminant la fraude et en optimisant le trafic afin de pr\u00e9server la rentabilit\u00e9 et de r\u00e9duire les menaces de s\u00e9curit\u00e9. Notre histoire Ayant gagn\u00e9 la [&hellip;]<\/p>\n","protected":false},"author":1,"featured_media":0,"parent":0,"menu_order":0,"comment_status":"closed","ping_status":"closed","template":"full-width.php","meta":{"_acf_changed":false,"footnotes":""},"class_list":["post-438","page","type-page","status-publish","hentry"],"acf":[],"yoast_head":"<!-- This site is optimized with the Yoast SEO plugin v22.4 - https:\/\/yoast.com\/wordpress\/plugins\/seo\/ -->\n<title>A propos de nous - Fraudbuster MoMoSe<\/title>\n<meta name=\"description\" content=\"Nous aidons les op\u00e9rateurs et les r\u00e9gulateurs \u00e0 retrouver le monopole des r\u00e9seaux de t\u00e9l\u00e9communications en \u00e9liminant la fraude et en optimisant le trafic.\" \/>\n<meta name=\"robots\" content=\"index, follow, max-snippet:-1, max-image-preview:large, max-video-preview:-1\" \/>\n<link rel=\"canonical\" href=\"https:\/\/www.fraudbustermomose.com\/fr\/a-propos\/\" \/>\n<meta property=\"og:locale\" content=\"fr_FR\" \/>\n<meta property=\"og:type\" content=\"article\" \/>\n<meta property=\"og:title\" content=\"A propos de nous - Fraudbuster MoMoSe\" \/>\n<meta property=\"og:description\" content=\"Nous aidons les op\u00e9rateurs et les r\u00e9gulateurs \u00e0 retrouver le monopole des r\u00e9seaux de t\u00e9l\u00e9communications en \u00e9liminant la fraude et en optimisant le trafic.\" \/>\n<meta property=\"og:url\" content=\"https:\/\/www.fraudbustermomose.com\/fr\/a-propos\/\" \/>\n<meta property=\"og:site_name\" content=\"Fraudbuster MoMoSe\" \/>\n<meta property=\"article:modified_time\" content=\"2024-04-26T12:56:46+00:00\" \/>\n<meta property=\"og:image\" content=\"https:\/\/www.fraudbustermomose.com\/wp-content\/uploads\/2024\/04\/FBS-Illustration-About-1.2-800x600-1.png\" \/>\n<meta name=\"twitter:card\" content=\"summary_large_image\" \/>\n<meta name=\"twitter:label1\" content=\"Dur\u00e9e de lecture estim\u00e9e\" \/>\n\t<meta name=\"twitter:data1\" content=\"1 minute\" \/>\n<script type=\"application\/ld+json\" class=\"yoast-schema-graph\">{\"@context\":\"https:\/\/schema.org\",\"@graph\":[{\"@type\":\"WebPage\",\"@id\":\"https:\/\/www.fraudbustermomose.com\/fr\/a-propos\/\",\"url\":\"https:\/\/www.fraudbustermomose.com\/fr\/a-propos\/\",\"name\":\"A propos de nous - Fraudbuster MoMoSe\",\"isPartOf\":{\"@id\":\"https:\/\/www.fraudbustermomose.com\/fr\/#website\"},\"primaryImageOfPage\":{\"@id\":\"https:\/\/www.fraudbustermomose.com\/fr\/a-propos\/#primaryimage\"},\"image\":{\"@id\":\"https:\/\/www.fraudbustermomose.com\/fr\/a-propos\/#primaryimage\"},\"thumbnailUrl\":\"https:\/\/www.fraudbustermomose.com\/wp-content\/uploads\/2024\/04\/FBS-Illustration-About-1.2-800x600-1.png\",\"datePublished\":\"2024-04-02T09:48:59+00:00\",\"dateModified\":\"2024-04-26T12:56:46+00:00\",\"description\":\"Nous aidons les op\u00e9rateurs et les r\u00e9gulateurs \u00e0 retrouver le monopole des r\u00e9seaux de t\u00e9l\u00e9communications en \u00e9liminant la fraude et en optimisant le trafic.\",\"breadcrumb\":{\"@id\":\"https:\/\/www.fraudbustermomose.com\/fr\/a-propos\/#breadcrumb\"},\"inLanguage\":\"fr-FR\",\"potentialAction\":[{\"@type\":\"ReadAction\",\"target\":[\"https:\/\/www.fraudbustermomose.com\/fr\/a-propos\/\"]}]},{\"@type\":\"ImageObject\",\"inLanguage\":\"fr-FR\",\"@id\":\"https:\/\/www.fraudbustermomose.com\/fr\/a-propos\/#primaryimage\",\"url\":\"https:\/\/www.fraudbustermomose.com\/wp-content\/uploads\/2024\/04\/FBS-Illustration-About-1.2-800x600-1.png\",\"contentUrl\":\"https:\/\/www.fraudbustermomose.com\/wp-content\/uploads\/2024\/04\/FBS-Illustration-About-1.2-800x600-1.png\"},{\"@type\":\"BreadcrumbList\",\"@id\":\"https:\/\/www.fraudbustermomose.com\/fr\/a-propos\/#breadcrumb\",\"itemListElement\":[{\"@type\":\"ListItem\",\"position\":1,\"name\":\"Home\",\"item\":\"https:\/\/www.fraudbustermomose.com\/fr\/acceuil\/\"},{\"@type\":\"ListItem\",\"position\":2,\"name\":\"\u00c0 propos\"}]},{\"@type\":\"WebSite\",\"@id\":\"https:\/\/www.fraudbustermomose.com\/fr\/#website\",\"url\":\"https:\/\/www.fraudbustermomose.com\/fr\/\",\"name\":\"Fraudbuster MoMoSe\",\"description\":\"The only solution to proactively prevent and stop mobile money fraud.\",\"publisher\":{\"@id\":\"https:\/\/www.fraudbustermomose.com\/fr\/#organization\"},\"alternateName\":\"Fraudbuster Mobile Money Security\",\"potentialAction\":[{\"@type\":\"SearchAction\",\"target\":{\"@type\":\"EntryPoint\",\"urlTemplate\":\"https:\/\/www.fraudbustermomose.com\/fr\/?s={search_term_string}\"},\"query-input\":\"required name=search_term_string\"}],\"inLanguage\":\"fr-FR\"},{\"@type\":\"Organization\",\"@id\":\"https:\/\/www.fraudbustermomose.com\/fr\/#organization\",\"name\":\"Fraudbuster MoMoSe\",\"url\":\"https:\/\/www.fraudbustermomose.com\/fr\/\",\"logo\":{\"@type\":\"ImageObject\",\"inLanguage\":\"fr-FR\",\"@id\":\"https:\/\/www.fraudbustermomose.com\/fr\/#\/schema\/logo\/image\/\",\"url\":\"https:\/\/www.fraudbustermomose.com\/wp-content\/uploads\/2024\/04\/Logo_Momose.jpg\",\"contentUrl\":\"https:\/\/www.fraudbustermomose.com\/wp-content\/uploads\/2024\/04\/Logo_Momose.jpg\",\"width\":1000,\"height\":1000,\"caption\":\"Fraudbuster MoMoSe\"},\"image\":{\"@id\":\"https:\/\/www.fraudbustermomose.com\/fr\/#\/schema\/logo\/image\/\"}}]}<\/script>\n<!-- \/ Yoast SEO plugin. -->","yoast_head_json":{"title":"A propos de nous - Fraudbuster MoMoSe","description":"Nous aidons les op\u00e9rateurs et les r\u00e9gulateurs \u00e0 retrouver le monopole des r\u00e9seaux de t\u00e9l\u00e9communications en \u00e9liminant la fraude et en optimisant le trafic.","robots":{"index":"index","follow":"follow","max-snippet":"max-snippet:-1","max-image-preview":"max-image-preview:large","max-video-preview":"max-video-preview:-1"},"canonical":"https:\/\/www.fraudbustermomose.com\/fr\/a-propos\/","og_locale":"fr_FR","og_type":"article","og_title":"A propos de nous - Fraudbuster MoMoSe","og_description":"Nous aidons les op\u00e9rateurs et les r\u00e9gulateurs \u00e0 retrouver le monopole des r\u00e9seaux de t\u00e9l\u00e9communications en \u00e9liminant la fraude et en optimisant le trafic.","og_url":"https:\/\/www.fraudbustermomose.com\/fr\/a-propos\/","og_site_name":"Fraudbuster MoMoSe","article_modified_time":"2024-04-26T12:56:46+00:00","og_image":[{"url":"https:\/\/www.fraudbustermomose.com\/wp-content\/uploads\/2024\/04\/FBS-Illustration-About-1.2-800x600-1.png"}],"twitter_card":"summary_large_image","twitter_misc":{"Dur\u00e9e de lecture estim\u00e9e":"1 minute"},"schema":{"@context":"https:\/\/schema.org","@graph":[{"@type":"WebPage","@id":"https:\/\/www.fraudbustermomose.com\/fr\/a-propos\/","url":"https:\/\/www.fraudbustermomose.com\/fr\/a-propos\/","name":"A propos de nous - Fraudbuster MoMoSe","isPartOf":{"@id":"https:\/\/www.fraudbustermomose.com\/fr\/#website"},"primaryImageOfPage":{"@id":"https:\/\/www.fraudbustermomose.com\/fr\/a-propos\/#primaryimage"},"image":{"@id":"https:\/\/www.fraudbustermomose.com\/fr\/a-propos\/#primaryimage"},"thumbnailUrl":"https:\/\/www.fraudbustermomose.com\/wp-content\/uploads\/2024\/04\/FBS-Illustration-About-1.2-800x600-1.png","datePublished":"2024-04-02T09:48:59+00:00","dateModified":"2024-04-26T12:56:46+00:00","description":"Nous aidons les op\u00e9rateurs et les r\u00e9gulateurs \u00e0 retrouver le monopole des r\u00e9seaux de t\u00e9l\u00e9communications en \u00e9liminant la fraude et en optimisant le trafic.","breadcrumb":{"@id":"https:\/\/www.fraudbustermomose.com\/fr\/a-propos\/#breadcrumb"},"inLanguage":"fr-FR","potentialAction":[{"@type":"ReadAction","target":["https:\/\/www.fraudbustermomose.com\/fr\/a-propos\/"]}]},{"@type":"ImageObject","inLanguage":"fr-FR","@id":"https:\/\/www.fraudbustermomose.com\/fr\/a-propos\/#primaryimage","url":"https:\/\/www.fraudbustermomose.com\/wp-content\/uploads\/2024\/04\/FBS-Illustration-About-1.2-800x600-1.png","contentUrl":"https:\/\/www.fraudbustermomose.com\/wp-content\/uploads\/2024\/04\/FBS-Illustration-About-1.2-800x600-1.png"},{"@type":"BreadcrumbList","@id":"https:\/\/www.fraudbustermomose.com\/fr\/a-propos\/#breadcrumb","itemListElement":[{"@type":"ListItem","position":1,"name":"Home","item":"https:\/\/www.fraudbustermomose.com\/fr\/acceuil\/"},{"@type":"ListItem","position":2,"name":"\u00c0 propos"}]},{"@type":"WebSite","@id":"https:\/\/www.fraudbustermomose.com\/fr\/#website","url":"https:\/\/www.fraudbustermomose.com\/fr\/","name":"Fraudbuster MoMoSe","description":"The only solution to proactively prevent and stop mobile money fraud.","publisher":{"@id":"https:\/\/www.fraudbustermomose.com\/fr\/#organization"},"alternateName":"Fraudbuster Mobile Money Security","potentialAction":[{"@type":"SearchAction","target":{"@type":"EntryPoint","urlTemplate":"https:\/\/www.fraudbustermomose.com\/fr\/?s={search_term_string}"},"query-input":"required name=search_term_string"}],"inLanguage":"fr-FR"},{"@type":"Organization","@id":"https:\/\/www.fraudbustermomose.com\/fr\/#organization","name":"Fraudbuster MoMoSe","url":"https:\/\/www.fraudbustermomose.com\/fr\/","logo":{"@type":"ImageObject","inLanguage":"fr-FR","@id":"https:\/\/www.fraudbustermomose.com\/fr\/#\/schema\/logo\/image\/","url":"https:\/\/www.fraudbustermomose.com\/wp-content\/uploads\/2024\/04\/Logo_Momose.jpg","contentUrl":"https:\/\/www.fraudbustermomose.com\/wp-content\/uploads\/2024\/04\/Logo_Momose.jpg","width":1000,"height":1000,"caption":"Fraudbuster MoMoSe"},"image":{"@id":"https:\/\/www.fraudbustermomose.com\/fr\/#\/schema\/logo\/image\/"}}]}},"_links":{"self":[{"href":"https:\/\/www.fraudbustermomose.com\/fr\/wp-json\/wp\/v2\/pages\/438","targetHints":{"allow":["GET"]}}],"collection":[{"href":"https:\/\/www.fraudbustermomose.com\/fr\/wp-json\/wp\/v2\/pages"}],"about":[{"href":"https:\/\/www.fraudbustermomose.com\/fr\/wp-json\/wp\/v2\/types\/page"}],"author":[{"embeddable":true,"href":"https:\/\/www.fraudbustermomose.com\/fr\/wp-json\/wp\/v2\/users\/1"}],"replies":[{"embeddable":true,"href":"https:\/\/www.fraudbustermomose.com\/fr\/wp-json\/wp\/v2\/comments?post=438"}],"version-history":[{"count":9,"href":"https:\/\/www.fraudbustermomose.com\/fr\/wp-json\/wp\/v2\/pages\/438\/revisions"}],"predecessor-version":[{"id":674,"href":"https:\/\/www.fraudbustermomose.com\/fr\/wp-json\/wp\/v2\/pages\/438\/revisions\/674"}],"wp:attachment":[{"href":"https:\/\/www.fraudbustermomose.com\/fr\/wp-json\/wp\/v2\/media?parent=438"}],"curies":[{"name":"wp","href":"https:\/\/api.w.org\/{rel}","templated":true}]}}